
{"id":28853,"date":"2022-06-02T10:54:59","date_gmt":"2022-06-02T08:54:59","guid":{"rendered":"https:\/\/fiduciairebsa.be\/?page_id=28853"},"modified":"2022-08-17T11:44:50","modified_gmt":"2022-08-17T09:44:50","slug":"accueil","status":"publish","type":"page","link":"https:\/\/fiduciairebsa.be\/","title":{"rendered":"Accueil"},"content":{"rendered":"<p>[vc_row padding_top_multiplier=\u00a0\u00bb\u00a0\u00bb][vc_column width=\u00a0\u00bb1\/2&Prime; font_color=\u00a0\u00bb#000000&Prime;]<h1 class=\"grve-element grve-title grve-align-left grve-h3\" style=\"\"><span>Fiduciaire BSA \u00e0 Tournai<span class=\"grve-title-line grve-bg-primary-1\" style=\"width: 50px;height: 2px;\"><\/span><\/span><\/h1>[vc_column_text]<\/p>\n<p class=\"p1\">Vous cr\u00e9ez votre entreprise et avez besoin d\u2019un soutien ?<br \/>\nVous souhaitez un avis fiscal sur votre entreprise ?<br \/>\nVous voulez \u00eatre aid\u00e9, assist\u00e9 pour un contr\u00f4le fiscal ou une demande de d\u00e9gr\u00e8vement ?<br \/>\nVous avez besoin d\u2019un professionnel agr\u00e9\u00e9 qui g\u00e8re votre gestion comptable ?<\/p>\n<p class=\"p1\">Quelque soit votre demande, Fr\u00e9d\u00e9ric Delrue et son \u00e9quipe sont \u00e0 votre disposition pour toutes vos <strong>questions comptables, fiscales et sociales.<br \/>\n<\/strong>Nous deviendrons un <strong>v\u00e9ritable partenaire et assurerons ensemble la p\u00e9rennit\u00e9 de votre soci\u00e9t\u00e9<\/strong>.<\/p>\n<p class=\"p1\">Par la qualit\u00e9 de nos services, nous privil\u00e9gions le travail d\u2019\u00e9quipe afin de vous faire profiter du savoir-faire dans les domaines du <strong>conseil<\/strong>, de l\u2019<strong>assistance comptable<\/strong>, ect<\/p>\n<p>[\/vc_column_text][\/vc_column][vc_column width=\u00a0\u00bb1\/2&Prime; font_color=\u00a0\u00bb#ffffff\u00a0\u00bb]<div class=\"grve-element grve-image grve-align-center\" style=\"\">  <div class=\"grve-image-wrapper\"><img loading=\"lazy\" decoding=\"async\" width=\"1600\" height=\"1067\" src=\"https:\/\/fiduciairebsa.be\/wp-content\/uploads\/2022\/06\/265087.jpg\" class=\"attachment-full size-full\" alt=\"Gray and Black Laptop Computer\" srcset=\"https:\/\/fiduciairebsa.be\/wp-content\/uploads\/2022\/06\/265087.jpg 1600w, https:\/\/fiduciairebsa.be\/wp-content\/uploads\/2022\/06\/265087-300x200.jpg 300w, https:\/\/fiduciairebsa.be\/wp-content\/uploads\/2022\/06\/265087-1024x683.jpg 1024w, https:\/\/fiduciairebsa.be\/wp-content\/uploads\/2022\/06\/265087-768x512.jpg 768w, https:\/\/fiduciairebsa.be\/wp-content\/uploads\/2022\/06\/265087-1536x1024.jpg 1536w\" sizes=\"auto, (max-width: 1600px) 100vw, 1600px\" \/>   <\/div><\/div>[\/vc_column][\/vc_row][vc_row padding_top_multiplier=\u00a0\u00bb2x\u00a0\u00bb padding_bottom_multiplier=\u00a0\u00bb\u00a0\u00bb][vc_column]<h3 class=\"grve-element grve-title grve-align-center grve-h3\" style=\"\"><span><strong>Nos services<\/strong><span class=\"grve-title-line grve-bg-primary-1\" style=\"width: 50px;height: 2px;\"><\/span><\/span><\/h3>[\/vc_column][\/vc_row][vc_row heading_color=\u00a0\u00bblight\u00a0\u00bb padding_bottom_multiplier=\u00a0\u00bb2x\u00a0\u00bb columns_gap=\u00a0\u00bb60&Prime; equal_column_height=\u00a0\u00bbequal-column\u00a0\u00bb font_color=\u00a0\u00bb#ffffff\u00a0\u00bb][vc_column width=\u00a0\u00bb1\/3&Prime; clipping_animation=\u00a0\u00bbclipping-up\u00a0\u00bb animation_delay=\u00a0\u00bb600&Prime; css=\u00a0\u00bb.vc_custom_1656319481223{padding-top: 13% !important;padding-right: 13% !important;padding-bottom: 13% !important;padding-left: 13% !important;background-color: #152f4b !important;border-radius: 5px !important;}\u00a0\u00bb]<div class=\"grve-element grve-single-icon grve-align-center grve-medium\" style=\"margin-bottom: 20px;\"><a href=\"https:\/\/cabinetdentaireprekelinden.be\/orthodontie\/\">  <div class=\"grve-wrapper-icon grve-no-shape\" style=\"\"><i class=\"fas fa-rocket grve-text-primary-2\"><\/i><\/div><\/a><\/div><h1 class=\"grve-element grve-title grve-align-center grve-h5\" style=\"\"><span>Cr\u00e9ation d&rsquo;entreprise<\/span><\/h1>[vc_column_text]<\/p>\n<p style=\"text-align: center;\">Accompagnement &amp; conseils<br \/>\nConstitution de soci\u00e9t\u00e9<br \/>\nInscription \u00e0 la banque carrefour<br \/>\nPlan financier<br \/>\nSubvention et aide de l&rsquo;Etat<br \/>\nGuichet d&rsquo;entreprise<\/p>\n<p>[\/vc_column_text][\/vc_column][vc_column width=\u00a0\u00bb1\/3&Prime; clipping_animation=\u00a0\u00bbclipping-up\u00a0\u00bb animation_delay=\u00a0\u00bb800&Prime; css=\u00a0\u00bb.vc_custom_1656319474123{padding-top: 13% !important;padding-right: 13% !important;padding-bottom: 13% !important;padding-left: 13% !important;background-color: #152f4b !important;border-radius: 5px !important;}\u00a0\u00bb]<div class=\"grve-element grve-single-icon grve-align-center grve-medium\" style=\"margin-bottom: 20px;\"><a href=\"https:\/\/cabinetdentaireprekelinden.be\/parodontie\/\">  <div class=\"grve-wrapper-icon grve-no-shape\" style=\"\"><i class=\"far fa-building grve-text-primary-2\"><\/i><\/div><\/a><\/div><h1 class=\"grve-element grve-title grve-align-center grve-h5\" style=\"\"><span>Suivi quotidien<\/span><\/h1>[vc_column_text]<\/p>\n<p style=\"text-align: center;\">Tenue de la comptabilit\u00e9<br \/>\nD\u00e9claration TVA<br \/>\nD\u00e9claration d&rsquo;Imp\u00f4t<br \/>\nSituation mensuelle ou trimestrielle<br \/>\nConseils \u00e0 la gestion<br \/>\nD\u00e9fense lors d&rsquo;un contr\u00f4le<br \/>\nPublication \u00e0 la Banque Nationale<br \/>\nPublication au Moniteur Belge<\/p>\n<p>[\/vc_column_text][\/vc_column][vc_column width=\u00a0\u00bb1\/3&Prime; clipping_animation=\u00a0\u00bbclipping-up\u00a0\u00bb animation_delay=\u00a0\u00bb1000&Prime; css=\u00a0\u00bb.vc_custom_1656319491890{padding-top: 13% !important;padding-right: 13% !important;padding-bottom: 13% !important;padding-left: 13% !important;background-color: #152F4B !important;border-radius: 5px !important;}\u00a0\u00bb]<div class=\"grve-element grve-single-icon grve-align-center grve-medium\" style=\"margin-bottom: 20px;\"><a href=\"https:\/\/cabinetdentaireprekelinden.be\/implantologie\/\">  <div class=\"grve-wrapper-icon grve-no-shape\" style=\"\"><i class=\"fas fa-coins grve-text-primary-2\"><\/i><\/div><\/a><\/div><h1 class=\"grve-element grve-title grve-align-center grve-h5\" style=\"\"><span>Audite &amp; Cessation<\/span><\/h1>[vc_column_text]<\/p>\n<p style=\"text-align: center;\">Expert Comptable<br \/>\nAnalyse financi\u00e8re &amp; valorisation.<br \/>\nPr\u00e9visions de rentabilit\u00e9<br \/>\nDossiers cr\u00e9dits &amp; leasings<br \/>\nAudit de performance<br \/>\nTransmission, cession,<br \/>\nsuccession et pension.<\/p>\n<p>[\/vc_column_text][\/vc_column][\/vc_row][vc_row bg_type=\u00a0\u00bbcolor\u00a0\u00bb padding_top_multiplier=\u00a0\u00bb\u00a0\u00bb separator_top_size=\u00a0\u00bb60px\u00a0\u00bb bg_color=\u00a0\u00bb#ffffff\u00a0\u00bb][vc_column text_align=\u00a0\u00bbcenter\u00a0\u00bb clipping_animation=\u00a0\u00bbclipping-up\u00a0\u00bb css=\u00a0\u00bb.vc_custom_1656320768259{padding-top: 35px !important;padding-right: 15px !important;padding-bottom: 35px !important;padding-left: 15px !important;background-color: #d29c5c !important;border-radius: 5px !important;}\u00a0\u00bb]<div class=\"grve-element grve-callout grve-animated-item grve-fade-in-down grve-duration-normal grve-btn-bottom\" style=\"\" data-delay=\"200\">  <div class=\"grve-callout-wrapper\"><h3 class=\"grve-callout-content grve-h3\">Vous avez un projet et souhaitez nous en parler ?<\/h3>  <\/div>  <div class=\"grve-button-wrapper\"><a href=\"https:\/\/fiduciairebsa.be\/contact\/\" title=\"Contact\" class=\"grve-btn grve-btn-medium grve-square grve-bg-primary-1 grve-bg-hover-primary-1 grve-btn-line\"><span>Contactez-nous d\u00e8s maintenant !<\/span><\/a>  <\/div><\/div>[\/vc_column][\/vc_row][vc_row bg_type=\u00a0\u00bbcolor\u00a0\u00bb separator_top=\u00a0\u00bbcurve-separator\u00a0\u00bb separator_top_size=\u00a0\u00bb60px\u00a0\u00bb bg_color=\u00a0\u00bb#ffffff\u00a0\u00bb][vc_column][\/vc_column][\/vc_row]<\/p>\n","protected":false},"excerpt":{"rendered":"<p>[vc_row padding_top_multiplier=\u00a0\u00bb\u00a0\u00bb][vc_column width=\u00a0\u00bb1\/2&Prime; font_color=\u00a0\u00bb#000000&Prime;][vc_column_text] Vous cr\u00e9ez votre entreprise et avez besoin d\u2019un soutien ? Vous souhaitez un avis fiscal sur votre entreprise ? Vous voulez \u00eatre aid\u00e9, assist\u00e9 pour un contr\u00f4le fiscal ou une demande de d\u00e9gr\u00e8vement ? Vous avez besoin d\u2019un professionnel agr\u00e9\u00e9 qui g\u00e8re votre gestion comptable ? Quelque soit votre demande, Fr\u00e9d\u00e9ric [&hellip;]<\/p>\n","protected":false},"author":1,"featured_media":0,"parent":0,"menu_order":0,"comment_status":"closed","ping_status":"open","template":"","meta":{"footnotes":""},"class_list":["post-28853","page","type-page","status-publish","hentry"],"yoast_head":"<!-- This site is optimized with the Yoast SEO plugin v27.4 - https:\/\/yoast.com\/product\/yoast-seo-wordpress\/ -->\n<title>Fiduciaire et Bureau d&#039;expert-comptable \u00e0 Tournai - Accueil<\/title>\n<meta name=\"description\" content=\"Experts-comptables &amp; conseils fiscaux \u00e0 votre service \u00e0 Tournai (Wallonie) - Cabinet d&#039;expertise comptable \u00e0 votre services pour vos finances\" \/>\n<meta name=\"robots\" content=\"index, follow, max-snippet:-1, max-image-preview:large, max-video-preview:-1\" \/>\n<link rel=\"canonical\" href=\"https:\/\/fiduciairebsa.be\/\" \/>\n<meta property=\"og:locale\" content=\"fr_FR\" \/>\n<meta property=\"og:type\" content=\"article\" \/>\n<meta property=\"og:title\" content=\"Fiduciaire et Bureau d&#039;expert-comptable \u00e0 Tournai - Accueil\" \/>\n<meta property=\"og:description\" content=\"Experts-comptables &amp; conseils fiscaux \u00e0 votre service \u00e0 Tournai (Wallonie) - Cabinet d&#039;expertise comptable \u00e0 votre services pour vos finances\" \/>\n<meta property=\"og:url\" content=\"https:\/\/fiduciairebsa.be\/\" \/>\n<meta property=\"og:site_name\" content=\"FIDUCIAIRE B.S.A.\" \/>\n<meta property=\"article:modified_time\" content=\"2022-08-17T09:44:50+00:00\" \/>\n<meta name=\"twitter:card\" content=\"summary_large_image\" \/>\n<meta name=\"twitter:label1\" content=\"Dur\u00e9e de lecture estim\u00e9e\" \/>\n\t<meta name=\"twitter:data1\" content=\"2 minutes\" \/>\n<script type=\"application\/ld+json\" class=\"yoast-schema-graph\">{\"@context\":\"https:\\\/\\\/schema.org\",\"@graph\":[{\"@type\":\"WebPage\",\"@id\":\"https:\\\/\\\/fiduciairebsa.be\\\/\",\"url\":\"https:\\\/\\\/fiduciairebsa.be\\\/\",\"name\":\"Fiduciaire et Bureau d'expert-comptable \u00e0 Tournai - Accueil\",\"isPartOf\":{\"@id\":\"https:\\\/\\\/fiduciairebsa.be\\\/#website\"},\"datePublished\":\"2022-06-02T08:54:59+00:00\",\"dateModified\":\"2022-08-17T09:44:50+00:00\",\"description\":\"Experts-comptables & conseils fiscaux \u00e0 votre service \u00e0 Tournai (Wallonie) - Cabinet d'expertise comptable \u00e0 votre services pour vos finances\",\"breadcrumb\":{\"@id\":\"https:\\\/\\\/fiduciairebsa.be\\\/#breadcrumb\"},\"inLanguage\":\"fr-FR\",\"potentialAction\":[{\"@type\":\"ReadAction\",\"target\":[\"https:\\\/\\\/fiduciairebsa.be\\\/\"]}]},{\"@type\":\"BreadcrumbList\",\"@id\":\"https:\\\/\\\/fiduciairebsa.be\\\/#breadcrumb\",\"itemListElement\":[{\"@type\":\"ListItem\",\"position\":1,\"name\":\"Accueil\",\"item\":\"https:\\\/\\\/fiduciairebsa.be\\\/\"},{\"@type\":\"ListItem\",\"position\":2,\"name\":\"Accueil\"}]},{\"@type\":\"WebSite\",\"@id\":\"https:\\\/\\\/fiduciairebsa.be\\\/#website\",\"url\":\"https:\\\/\\\/fiduciairebsa.be\\\/\",\"name\":\"FIDUCIAIRE B.S.A.\",\"description\":\"Just another WordPress site\",\"potentialAction\":[{\"@type\":\"SearchAction\",\"target\":{\"@type\":\"EntryPoint\",\"urlTemplate\":\"https:\\\/\\\/fiduciairebsa.be\\\/?s={search_term_string}\"},\"query-input\":{\"@type\":\"PropertyValueSpecification\",\"valueRequired\":true,\"valueName\":\"search_term_string\"}}],\"inLanguage\":\"fr-FR\"}]}<\/script>\n<!-- \/ Yoast SEO plugin. -->","yoast_head_json":{"title":"Fiduciaire et Bureau d'expert-comptable \u00e0 Tournai - Accueil","description":"Experts-comptables & conseils fiscaux \u00e0 votre service \u00e0 Tournai (Wallonie) - Cabinet d'expertise comptable \u00e0 votre services pour vos finances","robots":{"index":"index","follow":"follow","max-snippet":"max-snippet:-1","max-image-preview":"max-image-preview:large","max-video-preview":"max-video-preview:-1"},"canonical":"https:\/\/fiduciairebsa.be\/","og_locale":"fr_FR","og_type":"article","og_title":"Fiduciaire et Bureau d'expert-comptable \u00e0 Tournai - Accueil","og_description":"Experts-comptables & conseils fiscaux \u00e0 votre service \u00e0 Tournai (Wallonie) - Cabinet d'expertise comptable \u00e0 votre services pour vos finances","og_url":"https:\/\/fiduciairebsa.be\/","og_site_name":"FIDUCIAIRE B.S.A.","article_modified_time":"2022-08-17T09:44:50+00:00","twitter_card":"summary_large_image","twitter_misc":{"Dur\u00e9e de lecture estim\u00e9e":"2 minutes"},"schema":{"@context":"https:\/\/schema.org","@graph":[{"@type":"WebPage","@id":"https:\/\/fiduciairebsa.be\/","url":"https:\/\/fiduciairebsa.be\/","name":"Fiduciaire et Bureau d'expert-comptable \u00e0 Tournai - Accueil","isPartOf":{"@id":"https:\/\/fiduciairebsa.be\/#website"},"datePublished":"2022-06-02T08:54:59+00:00","dateModified":"2022-08-17T09:44:50+00:00","description":"Experts-comptables & conseils fiscaux \u00e0 votre service \u00e0 Tournai (Wallonie) - Cabinet d'expertise comptable \u00e0 votre services pour vos finances","breadcrumb":{"@id":"https:\/\/fiduciairebsa.be\/#breadcrumb"},"inLanguage":"fr-FR","potentialAction":[{"@type":"ReadAction","target":["https:\/\/fiduciairebsa.be\/"]}]},{"@type":"BreadcrumbList","@id":"https:\/\/fiduciairebsa.be\/#breadcrumb","itemListElement":[{"@type":"ListItem","position":1,"name":"Accueil","item":"https:\/\/fiduciairebsa.be\/"},{"@type":"ListItem","position":2,"name":"Accueil"}]},{"@type":"WebSite","@id":"https:\/\/fiduciairebsa.be\/#website","url":"https:\/\/fiduciairebsa.be\/","name":"FIDUCIAIRE B.S.A.","description":"Just another WordPress site","potentialAction":[{"@type":"SearchAction","target":{"@type":"EntryPoint","urlTemplate":"https:\/\/fiduciairebsa.be\/?s={search_term_string}"},"query-input":{"@type":"PropertyValueSpecification","valueRequired":true,"valueName":"search_term_string"}}],"inLanguage":"fr-FR"}]}},"_links":{"self":[{"href":"https:\/\/fiduciairebsa.be\/index.php?rest_route=\/wp\/v2\/pages\/28853","targetHints":{"allow":["GET"]}}],"collection":[{"href":"https:\/\/fiduciairebsa.be\/index.php?rest_route=\/wp\/v2\/pages"}],"about":[{"href":"https:\/\/fiduciairebsa.be\/index.php?rest_route=\/wp\/v2\/types\/page"}],"author":[{"embeddable":true,"href":"https:\/\/fiduciairebsa.be\/index.php?rest_route=\/wp\/v2\/users\/1"}],"replies":[{"embeddable":true,"href":"https:\/\/fiduciairebsa.be\/index.php?rest_route=%2Fwp%2Fv2%2Fcomments&post=28853"}],"version-history":[{"count":29,"href":"https:\/\/fiduciairebsa.be\/index.php?rest_route=\/wp\/v2\/pages\/28853\/revisions"}],"predecessor-version":[{"id":28985,"href":"https:\/\/fiduciairebsa.be\/index.php?rest_route=\/wp\/v2\/pages\/28853\/revisions\/28985"}],"wp:attachment":[{"href":"https:\/\/fiduciairebsa.be\/index.php?rest_route=%2Fwp%2Fv2%2Fmedia&parent=28853"}],"curies":[{"name":"wp","href":"https:\/\/api.w.org\/{rel}","templated":true}]}}