
{"id":28895,"date":"2022-06-27T11:23:43","date_gmt":"2022-06-27T09:23:43","guid":{"rendered":"https:\/\/fiduciairebsa.be\/?page_id=28895"},"modified":"2022-08-16T10:14:44","modified_gmt":"2022-08-16T08:14:44","slug":"contact","status":"publish","type":"page","link":"https:\/\/fiduciairebsa.be\/?page_id=28895","title":{"rendered":"Contact"},"content":{"rendered":"<p>[vc_row padding_top_multiplier=\u00a0\u00bb\u00a0\u00bb][vc_column width=\u00a0\u00bb2\/3&Prime; font_color=\u00a0\u00bb#000000&Prime;]<h1 class=\"grve-element grve-title grve-align-left grve-h3\" style=\"\"><span>Vous cherchez une fiduciaire \u00e0 votre \u00e9coute \u00e0 Tournai ?<span class=\"grve-title-line grve-bg-primary-1\" style=\"width: 50px;height: 2px;\"><\/span><\/span><\/h1>[vc_column_text]<\/p>\n<p class=\"p1\">Notre grande disponibilit\u00e9 vous permettra de nous contacter facilement et<br \/>\nrapidement pour toutes vos questions <strong>comptables, fiscales et sociales<\/strong><\/p>\n<p>[\/vc_column_text]<div class=\"grve-empty-space grve-height-1x\" style=\"\"><\/div>[vc_column_text]<div class=\"frm_forms  with_frm_style frm_style_style-formidable\" id=\"frm_form_1_container\" >\n<form enctype=\"multipart\/form-data\" method=\"post\" class=\"frm-show-form  frm_pro_form \" id=\"form_contact-form\" >\n<div class=\"frm_form_fields \">\n<fieldset>\n<legend class=\"frm_screen_reader\">Contactez-Nous<\/legend>\r\n\r\n<div class=\"frm_fields_container\">\n<input type=\"hidden\" name=\"frm_action\" value=\"create\" \/>\n<input type=\"hidden\" name=\"form_id\" value=\"1\" \/>\n<input type=\"hidden\" name=\"frm_hide_fields_1\" id=\"frm_hide_fields_1\" value=\"\" \/>\n<input type=\"hidden\" name=\"form_key\" value=\"contact-form\" \/>\n<input type=\"hidden\" name=\"item_meta[0]\" value=\"\" \/>\n<input type=\"hidden\" id=\"frm_submit_entry_1\" name=\"frm_submit_entry_1\" value=\"8a127deb55\" \/><input type=\"hidden\" name=\"_wp_http_referer\" value=\"\/index.php?rest_route=%2Fwp%2Fv2%2Fpages%2F28895\" \/><div id=\"frm_field_1_container\" class=\"frm_form_field form-field  frm_required_field frm_top_container frm_first frm_half\">\r\n    <label for=\"field_qh4icy\" id=\"field_qh4icy_label\" class=\"frm_primary_label\">Nom\r\n        <span class=\"frm_required\" aria-hidden=\"true\">*<\/span>\r\n    <\/label>\r\n    <input  type=\"text\" id=\"field_qh4icy\" name=\"item_meta[1]\" value=\"\"  data-reqmsg=\"Ce champ ne peut pas \u00eatre vide\" aria-required=\"true\" data-invmsg=\"Name est non valide\" aria-invalid=\"false\"   \/>\r\n    \r\n    \r\n<\/div>\n<div id=\"frm_field_2_container\" class=\"frm_form_field form-field  frm_required_field frm_hidden_container frm_half\">\r\n    <label for=\"field_ocfup1\" id=\"field_ocfup1_label\" class=\"frm_primary_label\">Pr\u00e9nom\r\n        <span class=\"frm_required\" aria-hidden=\"true\">*<\/span>\r\n    <\/label>\r\n    <input  type=\"text\" id=\"field_ocfup1\" name=\"item_meta[2]\" value=\"\"  data-reqmsg=\"Ce champ ne peut pas \u00eatre vide\" aria-required=\"true\" data-invmsg=\"Last est non valide\" aria-invalid=\"false\"   \/>\r\n    \r\n    \r\n<\/div>\n<div id=\"frm_field_3_container\" class=\"frm_form_field form-field  frm_required_field frm_top_container frm_full\">\r\n    <label for=\"field_29yf4d\" id=\"field_29yf4d_label\" class=\"frm_primary_label\">Email\r\n        <span class=\"frm_required\" aria-hidden=\"true\">*<\/span>\r\n    <\/label>\r\n    <input type=\"email\" id=\"field_29yf4d\" name=\"item_meta[3]\" value=\"\"  data-reqmsg=\"Ce champ ne peut pas \u00eatre vide\" aria-required=\"true\" data-invmsg=\"Please enter a valid email address\" aria-invalid=\"false\"  \/>\r\n    \r\n    \r\n<\/div>\n<div id=\"frm_field_4_container\" class=\"frm_form_field form-field  frm_required_field frm_top_container frm_full\">\r\n    <label for=\"field_e6lis6\" id=\"field_e6lis6_label\" class=\"frm_primary_label\">Objet\r\n        <span class=\"frm_required\" aria-hidden=\"true\">*<\/span>\r\n    <\/label>\r\n    <input  type=\"text\" id=\"field_e6lis6\" name=\"item_meta[4]\" value=\"\"  data-reqmsg=\"Ce champ ne peut pas \u00eatre vide\" aria-required=\"true\" data-invmsg=\"Subject est non valide\" aria-invalid=\"false\"   \/>\r\n    \r\n    \r\n<\/div>\n<div id=\"frm_field_5_container\" class=\"frm_form_field form-field  frm_required_field frm_top_container frm_full\">\r\n    <label for=\"field_9jv0r1\" id=\"field_9jv0r1_label\" class=\"frm_primary_label\">Message\r\n        <span class=\"frm_required\" aria-hidden=\"true\">*<\/span>\r\n    <\/label>\r\n    <textarea name=\"item_meta[5]\" id=\"field_9jv0r1\" rows=\"5\"  data-reqmsg=\"Ce champ ne peut pas \u00eatre vide\" aria-required=\"true\" data-invmsg=\"Message est non valide\" aria-invalid=\"false\"  ><\/textarea>\r\n    \r\n    \r\n<\/div>\n<div id=\"frm_field_6_container\" class=\"frm_form_field form-field \">\n\t<div class=\"frm_submit\">\r\n\r\n<button class=\"frm_button_submit frm_final_submit\" type=\"submit\"   formnovalidate=\"formnovalidate\">Envoyer<\/button>\r\n\r\n<\/div>\n<\/div>\n\t<input type=\"hidden\" name=\"item_key\" value=\"\" \/>\n\t\t\t<div id=\"frm_field_7_container\">\n\t\t\t<label for=\"field_466qe\" >\n\t\t\t\tSi vous \u00eates un humain, ne remplissez pas ce champ.\t\t\t<\/label>\n\t\t\t<input  id=\"field_466qe\" type=\"text\" class=\"frm_form_field form-field frm_verify\" name=\"item_meta[7]\" value=\"\"  \/>\n\t\t<\/div>\n\t\t<input name=\"frm_state\" type=\"hidden\" value=\"ajl39LDfAACtjjOtR\/kCMaNbsvWtd282e\/hGEMtdsGwU\/xC2wJSJSeeyguYdtYKu\" \/><\/div>\n<\/fieldset>\n<\/div>\n\n<\/form>\n<\/div>\n[\/vc_column_text][\/vc_column][vc_column width=\u00a0\u00bb1\/3&Prime; mobile_width=\u00a0\u00bbhide\u00a0\u00bb css=\u00a0\u00bb.vc_custom_1656535484213{padding-top: 10% !important;padding-right: 10% !important;padding-bottom: 10% !important;padding-left: 10% !important;background-color: #f9f9f9 !important;}\u00a0\u00bb][vc_column_text text_style=\u00a0\u00bbleader-text\u00a0\u00bb animation=\u00a0\u00bbgrve-fade-in-up\u00a0\u00bb]<\/p>\n<h1 style=\"text-align: center;\"><span style=\"color: #152f4b;\"><strong>FIDUCIAIRE B.S.A.<\/strong><\/span><\/h1>\n<p>[\/vc_column_text]<div class=\"grve-empty-space grve-height-1x\" style=\"\"><\/div><div class=\"grve-element grve-single-icon grve-align-center grve-small grve-animated-item grve-zoom-in grve-duration-normal\" style=\"margin-bottom: 5px;\" data-delay=\"200\">  <div class=\"grve-wrapper-icon grve-no-shape\" style=\"\"><i class=\"et-icon-map grve-text-primary-2\"><\/i><\/div><\/div><h3 class=\"grve-element grve-title grve-align-center grve-h5\" style=\"\"><span>Adresse<\/span><\/h3>[vc_column_text]<\/p>\n<p style=\"text-align: center;\"><a href=\"https:\/\/goo.gl\/maps\/nGZY21FkrENT19u58\" target=\"_blank\" rel=\"noopener\">Rue de Cordes, 4<\/a><br \/>\n<a href=\"https:\/\/goo.gl\/maps\/nGZY21FkrENT19u58\" target=\"_blank\" rel=\"noopener\">7500 Tournai<\/a><\/p>\n<p>[\/vc_column_text]<div class=\"grve-empty-space grve-height-1x\" style=\"\"><\/div><div class=\"grve-element grve-single-icon grve-align-center grve-small grve-animated-item grve-zoom-in grve-duration-normal\" style=\"margin-bottom: 5px;\" data-delay=\"200\">  <div class=\"grve-wrapper-icon grve-no-shape\" style=\"\"><i class=\"smp-icon-bubbles grve-text-primary-2\"><\/i><\/div><\/div><h3 class=\"grve-element grve-title grve-align-center grve-h5\" style=\"\"><span>Contactez-nous<\/span><\/h3>[vc_column_text]<\/p>\n<p style=\"text-align: center;\"><a href=\"tel:+3269215733\">TEL : +32 69 21 57 33<\/a><br \/>\n<a href=\"mailto:info@fiduciairebsa.be\">info@fiduciairebsa.be<\/a><\/p>\n<p>[\/vc_column_text]<div class=\"grve-empty-space grve-height-1x\" style=\"\"><\/div><div class=\"grve-element grve-single-icon grve-align-center grve-small grve-animated-item grve-zoom-in grve-duration-normal\" style=\"margin-bottom: 5px;\" data-delay=\"200\">  <div class=\"grve-wrapper-icon grve-no-shape\" style=\"\"><i class=\"smp-icon-calendar grve-text-primary-2\"><\/i><\/div><\/div><h3 class=\"grve-element grve-title grve-align-center grve-h5\" style=\"\"><span>Horaire du secr\u00e9tariat<\/span><\/h3>[vc_column_text]<\/p>\n<p style=\"text-align: center;\"><strong>Lundi \u2013 Mardi \u2013 Jeudi \u2013 Vendredi<\/strong><br \/>\n09:00\u201317:00<br \/>\n<strong>Mercredi<br \/>\n<\/strong>Uniquement sur rendez-vous<br \/>\n<strong>Samedi \u2013 Dimanche<br \/>\n<\/strong>Ferm\u00e9<\/p>\n<p>[\/vc_column_text]<div class=\"grve-empty-space grve-height-1x\" style=\"\"><\/div>[\/vc_column][\/vc_row]<\/p>\n","protected":false},"excerpt":{"rendered":"<p>[vc_row padding_top_multiplier=\u00a0\u00bb\u00a0\u00bb][vc_column width=\u00a0\u00bb2\/3&Prime; font_color=\u00a0\u00bb#000000&Prime;][vc_column_text] Notre grande disponibilit\u00e9 vous permettra de nous contacter facilement et rapidement pour toutes vos questions comptables, fiscales et sociales [\/vc_column_text][vc_column_text][\/vc_column_text][\/vc_column][vc_column width=\u00a0\u00bb1\/3&Prime; mobile_width=\u00a0\u00bbhide\u00a0\u00bb css=\u00a0\u00bb.vc_custom_1656535484213{padding-top: 10% !important;padding-right: 10% !important;padding-bottom: 10% !important;padding-left: 10% !important;background-color: #f9f9f9 !important;}\u00a0\u00bb][vc_column_text text_style=\u00a0\u00bbleader-text\u00a0\u00bb animation=\u00a0\u00bbgrve-fade-in-up\u00a0\u00bb] FIDUCIAIRE B.S.A. [\/vc_column_text][vc_column_text] Rue de Cordes, 4 7500 Tournai [\/vc_column_text][vc_column_text] TEL : +32 69 21 57 [&hellip;]<\/p>\n","protected":false},"author":1,"featured_media":0,"parent":0,"menu_order":0,"comment_status":"closed","ping_status":"open","template":"","meta":{"footnotes":""},"class_list":["post-28895","page","type-page","status-publish","hentry"],"yoast_head":"<!-- This site is optimized with the Yoast SEO plugin v27.4 - https:\/\/yoast.com\/product\/yoast-seo-wordpress\/ -->\n<title>Contact - FIDUCIAIRE B.S.A. Bureau Expertise Comptable Tournai<\/title>\n<meta name=\"description\" content=\"Vous cherchez un expert comptable \u00e0 Tournai ? Notre fiduciaire vous accompagne pour toutes vos questions comptable, fiscales et sociales.\" \/>\n<meta name=\"robots\" content=\"index, follow, max-snippet:-1, max-image-preview:large, max-video-preview:-1\" \/>\n<link rel=\"canonical\" href=\"https:\/\/fiduciairebsa.be\/?page_id=28895\" \/>\n<meta property=\"og:locale\" content=\"fr_FR\" \/>\n<meta property=\"og:type\" content=\"article\" \/>\n<meta property=\"og:title\" content=\"Contact - FIDUCIAIRE B.S.A. Bureau Expertise Comptable Tournai\" \/>\n<meta property=\"og:description\" content=\"Vous cherchez un expert comptable \u00e0 Tournai ? Notre fiduciaire vous accompagne pour toutes vos questions comptable, fiscales et sociales.\" \/>\n<meta property=\"og:url\" content=\"https:\/\/fiduciairebsa.be\/?page_id=28895\" \/>\n<meta property=\"og:site_name\" content=\"FIDUCIAIRE B.S.A.\" \/>\n<meta property=\"article:modified_time\" content=\"2022-08-16T08:14:44+00:00\" \/>\n<meta name=\"twitter:card\" content=\"summary_large_image\" \/>\n<meta name=\"twitter:label1\" content=\"Dur\u00e9e de lecture estim\u00e9e\" \/>\n\t<meta name=\"twitter:data1\" content=\"1 minute\" \/>\n<script type=\"application\/ld+json\" class=\"yoast-schema-graph\">{\"@context\":\"https:\\\/\\\/schema.org\",\"@graph\":[{\"@type\":\"WebPage\",\"@id\":\"https:\\\/\\\/fiduciairebsa.be\\\/?page_id=28895\",\"url\":\"https:\\\/\\\/fiduciairebsa.be\\\/?page_id=28895\",\"name\":\"Contact - FIDUCIAIRE B.S.A. Bureau Expertise Comptable Tournai\",\"isPartOf\":{\"@id\":\"https:\\\/\\\/fiduciairebsa.be\\\/#website\"},\"datePublished\":\"2022-06-27T09:23:43+00:00\",\"dateModified\":\"2022-08-16T08:14:44+00:00\",\"description\":\"Vous cherchez un expert comptable \u00e0 Tournai ? Notre fiduciaire vous accompagne pour toutes vos questions comptable, fiscales et sociales.\",\"breadcrumb\":{\"@id\":\"https:\\\/\\\/fiduciairebsa.be\\\/?page_id=28895#breadcrumb\"},\"inLanguage\":\"fr-FR\",\"potentialAction\":[{\"@type\":\"ReadAction\",\"target\":[\"https:\\\/\\\/fiduciairebsa.be\\\/?page_id=28895\"]}]},{\"@type\":\"BreadcrumbList\",\"@id\":\"https:\\\/\\\/fiduciairebsa.be\\\/?page_id=28895#breadcrumb\",\"itemListElement\":[{\"@type\":\"ListItem\",\"position\":1,\"name\":\"Accueil\",\"item\":\"https:\\\/\\\/fiduciairebsa.be\\\/\"},{\"@type\":\"ListItem\",\"position\":2,\"name\":\"Contact\"}]},{\"@type\":\"WebSite\",\"@id\":\"https:\\\/\\\/fiduciairebsa.be\\\/#website\",\"url\":\"https:\\\/\\\/fiduciairebsa.be\\\/\",\"name\":\"FIDUCIAIRE B.S.A.\",\"description\":\"Just another WordPress site\",\"potentialAction\":[{\"@type\":\"SearchAction\",\"target\":{\"@type\":\"EntryPoint\",\"urlTemplate\":\"https:\\\/\\\/fiduciairebsa.be\\\/?s={search_term_string}\"},\"query-input\":{\"@type\":\"PropertyValueSpecification\",\"valueRequired\":true,\"valueName\":\"search_term_string\"}}],\"inLanguage\":\"fr-FR\"}]}<\/script>\n<!-- \/ Yoast SEO plugin. -->","yoast_head_json":{"title":"Contact - FIDUCIAIRE B.S.A. Bureau Expertise Comptable Tournai","description":"Vous cherchez un expert comptable \u00e0 Tournai ? Notre fiduciaire vous accompagne pour toutes vos questions comptable, fiscales et sociales.","robots":{"index":"index","follow":"follow","max-snippet":"max-snippet:-1","max-image-preview":"max-image-preview:large","max-video-preview":"max-video-preview:-1"},"canonical":"https:\/\/fiduciairebsa.be\/?page_id=28895","og_locale":"fr_FR","og_type":"article","og_title":"Contact - FIDUCIAIRE B.S.A. Bureau Expertise Comptable Tournai","og_description":"Vous cherchez un expert comptable \u00e0 Tournai ? Notre fiduciaire vous accompagne pour toutes vos questions comptable, fiscales et sociales.","og_url":"https:\/\/fiduciairebsa.be\/?page_id=28895","og_site_name":"FIDUCIAIRE B.S.A.","article_modified_time":"2022-08-16T08:14:44+00:00","twitter_card":"summary_large_image","twitter_misc":{"Dur\u00e9e de lecture estim\u00e9e":"1 minute"},"schema":{"@context":"https:\/\/schema.org","@graph":[{"@type":"WebPage","@id":"https:\/\/fiduciairebsa.be\/?page_id=28895","url":"https:\/\/fiduciairebsa.be\/?page_id=28895","name":"Contact - FIDUCIAIRE B.S.A. Bureau Expertise Comptable Tournai","isPartOf":{"@id":"https:\/\/fiduciairebsa.be\/#website"},"datePublished":"2022-06-27T09:23:43+00:00","dateModified":"2022-08-16T08:14:44+00:00","description":"Vous cherchez un expert comptable \u00e0 Tournai ? Notre fiduciaire vous accompagne pour toutes vos questions comptable, fiscales et sociales.","breadcrumb":{"@id":"https:\/\/fiduciairebsa.be\/?page_id=28895#breadcrumb"},"inLanguage":"fr-FR","potentialAction":[{"@type":"ReadAction","target":["https:\/\/fiduciairebsa.be\/?page_id=28895"]}]},{"@type":"BreadcrumbList","@id":"https:\/\/fiduciairebsa.be\/?page_id=28895#breadcrumb","itemListElement":[{"@type":"ListItem","position":1,"name":"Accueil","item":"https:\/\/fiduciairebsa.be\/"},{"@type":"ListItem","position":2,"name":"Contact"}]},{"@type":"WebSite","@id":"https:\/\/fiduciairebsa.be\/#website","url":"https:\/\/fiduciairebsa.be\/","name":"FIDUCIAIRE B.S.A.","description":"Just another WordPress site","potentialAction":[{"@type":"SearchAction","target":{"@type":"EntryPoint","urlTemplate":"https:\/\/fiduciairebsa.be\/?s={search_term_string}"},"query-input":{"@type":"PropertyValueSpecification","valueRequired":true,"valueName":"search_term_string"}}],"inLanguage":"fr-FR"}]}},"_links":{"self":[{"href":"https:\/\/fiduciairebsa.be\/index.php?rest_route=\/wp\/v2\/pages\/28895","targetHints":{"allow":["GET"]}}],"collection":[{"href":"https:\/\/fiduciairebsa.be\/index.php?rest_route=\/wp\/v2\/pages"}],"about":[{"href":"https:\/\/fiduciairebsa.be\/index.php?rest_route=\/wp\/v2\/types\/page"}],"author":[{"embeddable":true,"href":"https:\/\/fiduciairebsa.be\/index.php?rest_route=\/wp\/v2\/users\/1"}],"replies":[{"embeddable":true,"href":"https:\/\/fiduciairebsa.be\/index.php?rest_route=%2Fwp%2Fv2%2Fcomments&post=28895"}],"version-history":[{"count":11,"href":"https:\/\/fiduciairebsa.be\/index.php?rest_route=\/wp\/v2\/pages\/28895\/revisions"}],"predecessor-version":[{"id":28989,"href":"https:\/\/fiduciairebsa.be\/index.php?rest_route=\/wp\/v2\/pages\/28895\/revisions\/28989"}],"wp:attachment":[{"href":"https:\/\/fiduciairebsa.be\/index.php?rest_route=%2Fwp%2Fv2%2Fmedia&parent=28895"}],"curies":[{"name":"wp","href":"https:\/\/api.w.org\/{rel}","templated":true}]}}