
{"id":28963,"date":"2022-06-29T22:25:20","date_gmt":"2022-06-29T20:25:20","guid":{"rendered":"https:\/\/fiduciairebsa.be\/?page_id=28963"},"modified":"2022-06-29T22:31:59","modified_gmt":"2022-06-29T20:31:59","slug":"news","status":"publish","type":"page","link":"https:\/\/fiduciairebsa.be\/?page_id=28963","title":{"rendered":"NEWS"},"content":{"rendered":"<p>[vc_row][vc_column]\t\t<div class=\"grve-element grve-blog grve-blog-columns grve-blog-masonry grve-isotope grve-with-gap grve-with-shadow\" style=\"\" data-columns=\"3\" data-columns-large-screen=\"3\" data-columns-tablet-landscape=\"2\" data-columns-tablet-portrait=\"2\" data-columns-mobile=\"1\" data-layout=\"masonry\" data-spinner=\"no\" data-gutter-size=\"40\">\r\n\t\t\t<div class=\"grve-isotope-container\">\r\n\t\t\t<article class=\"grve-blog-item grve-isotope-item post-29001 post type-post status-publish format-standard hentry category-uncategorized\" itemscope itemType=\"http:\/\/schema.org\/BlogPosting\">\r\n\t\t\t\t<div class=\"grve-blog-item-inner grve-isotope-item-inner grve-fade-in\">\r\n\t\t\t\t\t\t\t\t\t\t\t\t\t\t\t\t\t<div class=\"grve-post-content-wrapper\">\r\n\t\t\t\t\t\t\t<div class=\"grve-post-content\">\r\n\t\t\t\t\t\t\t\t<div class=\"grve-post-header\">\r\n\t\t\t\t\t\t\t\t\t\t\t\t\t\t\t\t\t\t\t\t<span class=\"grve-hidden\">\r\n\t\t\t<span class=\"grve-structured-data entry-title\">Fiscalit\u00e9 et voitures \u00e9lectriques<\/span>\r\n\t\t\t<span class=\"grve-structured-data\" itemprop=\"image\" itemscope itemtype=\"http:\/\/schema.org\/ImageObject\">\r\n\t\t\t   <span itemprop='url' >https:\/\/fiduciairebsa.be\/wp-content\/themes\/movedo\/images\/empty\/thumbnail.jpg<\/span>\r\n\t\t\t   <span itemprop='height' >150<\/span>\r\n\t\t\t   <span itemprop='width' >150<\/span>\r\n\t\t\t<\/span>\r\n\t\t\t\t\t\t<span class=\"grve-structured-data vcard author\" itemprop=\"author\" itemscope itemtype=\"http:\/\/schema.org\/Person\">\r\n\t\t\t\t<span itemprop=\"name\" class=\"fn\">frederic<\/span>\r\n\t\t\t<\/span>\r\n\t\t\t<span class=\"grve-structured-data\" itemprop=\"publisher\" itemscope itemtype=\"http:\/\/schema.org\/Organization\">\r\n\t\t\t\t<span itemprop='name'>frederic<\/span>\r\n\t\t\t\t<span itemprop='logo' itemscope itemtype='http:\/\/schema.org\/ImageObject'>\r\n\t\t\t\t\t<span itemprop='url'>https:\/\/secure.gravatar.com\/avatar\/0628c41c92f944a12cae54a499a98b64f0b8f57bcf67b1d2d2539c8cb33b94d2?s=96&#038;d=mm&#038;r=g<\/span>\r\n\t\t\t\t<\/span>\r\n\t\t\t<\/span>\r\n\t\t\t\t\t\t<time class=\"grve-structured-data date published\" itemprop=\"datePublished\" datetime=\"2026-04-08T14:39:15+02:00\">avril 8, 2026<\/time>\r\n\t\t\t<time class=\"grve-structured-data date updated\" itemprop=\"dateModified\"  datetime=\"2026-04-08T14:39:15+02:00\">avril 8, 2026<\/time>\r\n\t\t\t<span class=\"grve-structured-data\" itemprop=\"mainEntityOfPage\" itemscope itemtype=\"http:\/\/schema.org\/WebPage\" itemid=\"https:\/\/fiduciairebsa.be\/?p=29001\"><\/span>\r\n\t\t<\/span>\r\n\t\t\t\t\t\t\t\t\t\t\t\t\t\t\t\t\t\t\t\t\t\t\t\t\t\t\t\t<a href=\"https:\/\/fiduciairebsa.be\/?p=29001\" rel=\"bookmark\"><h2 class=\"grve-post-title grve-post-title-hover grve-h3\" itemprop=\"headline\">Fiscalit\u00e9 et voitures \u00e9lectriques<\/h2><\/a>\t\t\t\t\t\t\t\t<\/div>\r\n\t\t\t\t\t\t\t\t<div itemprop=\"articleBody\"><p><\/p><a class=\"grve-read-more grve-link-text grve-heading-color grve-text-hover-primary-1\" href=\"https:\/\/fiduciairebsa.be\/?p=29001\"><span>lire plus<\/span><\/a><\/div>\t\t\t\t\t\t\t<\/div>\r\n\t\t\t\t\t\t<\/div>\r\n\t\t\t\t\t\r\n\t\t\t\t<\/div>\t\t\t<\/article>\r\n\r\n\t\t\t<article class=\"grve-blog-item grve-isotope-item post-28995 post type-post status-publish format-standard has-post-thumbnail hentry category-news tag-tva\" itemscope itemType=\"http:\/\/schema.org\/BlogPosting\">\r\n\t\t\t\t<div class=\"grve-blog-item-inner grve-isotope-item-inner grve-fade-in\">\r\n\t\t\t\t\t\t\t\t\t\t\t\t\t<div class=\"grve-media\">\r\n\t\t\t<a class=\"grve-item-url\" href=\"https:\/\/fiduciairebsa.be\/?p=28995\" aria-label=\"Taxation tva de la fourniture des logements meubl\u00e9s\u00a0\"><\/a>\r\n\t\t\t<img loading=\"lazy\" decoding=\"async\" width=\"300\" height=\"200\" src=\"https:\/\/fiduciairebsa.be\/wp-content\/uploads\/2022\/08\/rfrfcl5pgxw-300x200.jpg\" class=\"attachment-medium size-medium wp-post-image\" alt=\"\" srcset=\"https:\/\/fiduciairebsa.be\/wp-content\/uploads\/2022\/08\/rfrfcl5pgxw-300x200.jpg 300w, https:\/\/fiduciairebsa.be\/wp-content\/uploads\/2022\/08\/rfrfcl5pgxw-1024x683.jpg 1024w, https:\/\/fiduciairebsa.be\/wp-content\/uploads\/2022\/08\/rfrfcl5pgxw-768x512.jpg 768w, https:\/\/fiduciairebsa.be\/wp-content\/uploads\/2022\/08\/rfrfcl5pgxw-1536x1024.jpg 1536w, https:\/\/fiduciairebsa.be\/wp-content\/uploads\/2022\/08\/rfrfcl5pgxw.jpg 1600w\" sizes=\"auto, (max-width: 300px) 100vw, 300px\" \/>\t\t\t<div class=\"grve-bg-black grve-hover-overlay grve-opacity-10\"><\/div>\r\n\t\t<\/div>\r\n\t\t\t\t\t\t<div class=\"grve-post-content-wrapper\">\r\n\t\t\t\t\t\t\t<div class=\"grve-post-content\">\r\n\t\t\t\t\t\t\t\t<div class=\"grve-post-header\">\r\n\t\t\t\t\t\t\t\t\t\t\t\t\t\t\t\t\t\t\t\t<span class=\"grve-hidden\">\r\n\t\t\t<span class=\"grve-structured-data entry-title\">Taxation tva de la fourniture des logements meubl\u00e9s\u00a0<\/span>\r\n\t\t\t<span class=\"grve-structured-data\" itemprop=\"image\" itemscope itemtype=\"http:\/\/schema.org\/ImageObject\">\r\n\t\t\t   <span itemprop='url' >https:\/\/fiduciairebsa.be\/wp-content\/uploads\/2022\/08\/rfrfcl5pgxw.jpg<\/span>\r\n\t\t\t   <span itemprop='height' >1600<\/span>\r\n\t\t\t   <span itemprop='width' >1067<\/span>\r\n\t\t\t<\/span>\r\n\t\t\t\t\t\t<span class=\"grve-structured-data vcard author\" itemprop=\"author\" itemscope itemtype=\"http:\/\/schema.org\/Person\">\r\n\t\t\t\t<span itemprop=\"name\" class=\"fn\">frederic<\/span>\r\n\t\t\t<\/span>\r\n\t\t\t<span class=\"grve-structured-data\" itemprop=\"publisher\" itemscope itemtype=\"http:\/\/schema.org\/Organization\">\r\n\t\t\t\t<span itemprop='name'>frederic<\/span>\r\n\t\t\t\t<span itemprop='logo' itemscope itemtype='http:\/\/schema.org\/ImageObject'>\r\n\t\t\t\t\t<span itemprop='url'>https:\/\/secure.gravatar.com\/avatar\/0628c41c92f944a12cae54a499a98b64f0b8f57bcf67b1d2d2539c8cb33b94d2?s=96&#038;d=mm&#038;r=g<\/span>\r\n\t\t\t\t<\/span>\r\n\t\t\t<\/span>\r\n\t\t\t\t\t\t<time class=\"grve-structured-data date published\" itemprop=\"datePublished\" datetime=\"2022-08-18T15:45:07+02:00\">ao\u00fbt 18, 2022<\/time>\r\n\t\t\t<time class=\"grve-structured-data date updated\" itemprop=\"dateModified\"  datetime=\"2026-04-08T14:39:21+02:00\">avril 8, 2026<\/time>\r\n\t\t\t<span class=\"grve-structured-data\" itemprop=\"mainEntityOfPage\" itemscope itemtype=\"http:\/\/schema.org\/WebPage\" itemid=\"https:\/\/fiduciairebsa.be\/?p=28995\"><\/span>\r\n\t\t<\/span>\r\n\t\t\t\t\t\t\t\t\t\t\t\t\t\t\t\t\t\t\t\t\t\t\t\t\t\t\t\t<a href=\"https:\/\/fiduciairebsa.be\/?p=28995\" rel=\"bookmark\"><h2 class=\"grve-post-title grve-post-title-hover grve-h3\" itemprop=\"headline\">Taxation tva de la fourniture des logements meubl\u00e9s\u00a0<\/h2><\/a>\t\t\t\t\t\t\t\t<\/div>\r\n\t\t\t\t\t\t\t\t<div itemprop=\"articleBody\"><p>\u00c0 partir du 1er\u00a0juillet 2022, le champ d\u2019application de la taxation relative \u00e0 la fourniture de logements meubl\u00e9s et d\u2019\u00e9ventuels services suppl\u00e9mentaires est modifi\u00e9. La location de biens immeubles par nature (comme une maison, un appartement ou un studio) est en principe exempt\u00e9e de la TVA. Un certain nombre d\u2019exceptions d\u00e9roge \u00e0 ce principe, telle\u2026<\/p><a class=\"grve-read-more grve-link-text grve-heading-color grve-text-hover-primary-1\" href=\"https:\/\/fiduciairebsa.be\/?p=28995\"><span>lire plus<\/span><\/a><\/div>\t\t\t\t\t\t\t<\/div>\r\n\t\t\t\t\t\t<\/div>\r\n\t\t\t\t\t\r\n\t\t\t\t<\/div>\t\t\t<\/article>\r\n\r\n\t\t\t<article class=\"grve-blog-item grve-isotope-item post-28947 post type-post status-publish format-standard has-post-thumbnail hentry category-news category-video\" itemscope itemType=\"http:\/\/schema.org\/BlogPosting\">\r\n\t\t\t\t<div class=\"grve-blog-item-inner grve-isotope-item-inner grve-fade-in\">\r\n\t\t\t\t\t\t\t\t\t\t\t\t\t<div class=\"grve-media\">\r\n\t\t\t<a class=\"grve-item-url\" href=\"https:\/\/fiduciairebsa.be\/?p=28947\" aria-label=\"R\u00f4le du Comptable\"><\/a>\r\n\t\t\t<img loading=\"lazy\" decoding=\"async\" width=\"300\" height=\"168\" src=\"https:\/\/fiduciairebsa.be\/wp-content\/uploads\/2022\/06\/video_role_comptable-300x168.jpg\" class=\"attachment-medium size-medium wp-post-image\" alt=\"\" srcset=\"https:\/\/fiduciairebsa.be\/wp-content\/uploads\/2022\/06\/video_role_comptable-300x168.jpg 300w, https:\/\/fiduciairebsa.be\/wp-content\/uploads\/2022\/06\/video_role_comptable-1024x573.jpg 1024w, https:\/\/fiduciairebsa.be\/wp-content\/uploads\/2022\/06\/video_role_comptable-768x430.jpg 768w, https:\/\/fiduciairebsa.be\/wp-content\/uploads\/2022\/06\/video_role_comptable-1536x859.jpg 1536w, https:\/\/fiduciairebsa.be\/wp-content\/uploads\/2022\/06\/video_role_comptable-1170x658.jpg 1170w, https:\/\/fiduciairebsa.be\/wp-content\/uploads\/2022\/06\/video_role_comptable-1920x1074.jpg 1920w\" sizes=\"auto, (max-width: 300px) 100vw, 300px\" \/>\t\t\t<div class=\"grve-bg-black grve-hover-overlay grve-opacity-10\"><\/div>\r\n\t\t<\/div>\r\n\t\t\t\t\t\t<div class=\"grve-post-content-wrapper\">\r\n\t\t\t\t\t\t\t<div class=\"grve-post-content\">\r\n\t\t\t\t\t\t\t\t<div class=\"grve-post-header\">\r\n\t\t\t\t\t\t\t\t\t\t\t\t\t\t\t\t\t\t\t\t<span class=\"grve-hidden\">\r\n\t\t\t<span class=\"grve-structured-data entry-title\">R\u00f4le du Comptable<\/span>\r\n\t\t\t<span class=\"grve-structured-data\" itemprop=\"image\" itemscope itemtype=\"http:\/\/schema.org\/ImageObject\">\r\n\t\t\t   <span itemprop='url' >https:\/\/fiduciairebsa.be\/wp-content\/uploads\/2022\/06\/video_role_comptable.jpg<\/span>\r\n\t\t\t   <span itemprop='height' >2446<\/span>\r\n\t\t\t   <span itemprop='width' >1368<\/span>\r\n\t\t\t<\/span>\r\n\t\t\t\t\t\t<span class=\"grve-structured-data vcard author\" itemprop=\"author\" itemscope itemtype=\"http:\/\/schema.org\/Person\">\r\n\t\t\t\t<span itemprop=\"name\" class=\"fn\">a.doclot<\/span>\r\n\t\t\t<\/span>\r\n\t\t\t<span class=\"grve-structured-data\" itemprop=\"publisher\" itemscope itemtype=\"http:\/\/schema.org\/Organization\">\r\n\t\t\t\t<span itemprop='name'>a.doclot<\/span>\r\n\t\t\t\t<span itemprop='logo' itemscope itemtype='http:\/\/schema.org\/ImageObject'>\r\n\t\t\t\t\t<span itemprop='url'>https:\/\/secure.gravatar.com\/avatar\/43ae467f5999f4232750fd288ddeaa382e911a742a07ffdfce05d0c52155ac53?s=96&#038;d=mm&#038;r=g<\/span>\r\n\t\t\t\t<\/span>\r\n\t\t\t<\/span>\r\n\t\t\t\t\t\t<time class=\"grve-structured-data date published\" itemprop=\"datePublished\" datetime=\"2022-06-29T22:08:03+02:00\">juin 29, 2022<\/time>\r\n\t\t\t<time class=\"grve-structured-data date updated\" itemprop=\"dateModified\"  datetime=\"2026-04-08T14:39:30+02:00\">avril 8, 2026<\/time>\r\n\t\t\t<span class=\"grve-structured-data\" itemprop=\"mainEntityOfPage\" itemscope itemtype=\"http:\/\/schema.org\/WebPage\" itemid=\"https:\/\/fiduciairebsa.be\/?p=28947\"><\/span>\r\n\t\t<\/span>\r\n\t\t\t\t\t\t\t\t\t\t\t\t\t\t\t\t\t\t\t\t\t\t\t\t\t\t\t\t<a href=\"https:\/\/fiduciairebsa.be\/?p=28947\" rel=\"bookmark\"><h2 class=\"grve-post-title grve-post-title-hover grve-h3\" itemprop=\"headline\">R\u00f4le du Comptable<\/h2><\/a>\t\t\t\t\t\t\t\t<\/div>\r\n\t\t\t\t\t\t\t\t<div itemprop=\"articleBody\"><p><\/p><a class=\"grve-read-more grve-link-text grve-heading-color grve-text-hover-primary-1\" href=\"https:\/\/fiduciairebsa.be\/?p=28947\"><span>lire plus<\/span><\/a><\/div>\t\t\t\t\t\t\t<\/div>\r\n\t\t\t\t\t\t<\/div>\r\n\t\t\t\t\t\r\n\t\t\t\t<\/div>\t\t\t<\/article>\r\n\r\n\t\t\t<\/div>\r\n\t\t<\/div>\r\n[\/vc_column][\/vc_row]<\/p>\n","protected":false},"excerpt":{"rendered":"<p>[vc_row][vc_column][\/vc_column][\/vc_row]<\/p>\n","protected":false},"author":1,"featured_media":0,"parent":0,"menu_order":0,"comment_status":"closed","ping_status":"open","template":"","meta":{"footnotes":""},"class_list":["post-28963","page","type-page","status-publish","hentry"],"yoast_head":"<!-- This site is optimized with the Yoast SEO plugin v27.4 - https:\/\/yoast.com\/product\/yoast-seo-wordpress\/ -->\n<title>NEWS - FIDUCIAIRE B.S.A.<\/title>\n<meta name=\"robots\" content=\"index, follow, max-snippet:-1, max-image-preview:large, max-video-preview:-1\" \/>\n<link rel=\"canonical\" href=\"https:\/\/fiduciairebsa.be\/?page_id=28963\" \/>\n<meta property=\"og:locale\" content=\"fr_FR\" \/>\n<meta property=\"og:type\" content=\"article\" \/>\n<meta property=\"og:title\" content=\"NEWS - FIDUCIAIRE B.S.A.\" \/>\n<meta property=\"og:description\" content=\"[vc_row][vc_column][\/vc_column][\/vc_row]\" \/>\n<meta property=\"og:url\" content=\"https:\/\/fiduciairebsa.be\/?page_id=28963\" \/>\n<meta property=\"og:site_name\" content=\"FIDUCIAIRE B.S.A.\" \/>\n<meta property=\"article:modified_time\" content=\"2022-06-29T20:31:59+00:00\" \/>\n<meta name=\"twitter:card\" content=\"summary_large_image\" \/>\n<meta name=\"twitter:label1\" content=\"Dur\u00e9e de lecture estim\u00e9e\" \/>\n\t<meta name=\"twitter:data1\" content=\"1 minute\" \/>\n<script type=\"application\/ld+json\" class=\"yoast-schema-graph\">{\"@context\":\"https:\\\/\\\/schema.org\",\"@graph\":[{\"@type\":\"WebPage\",\"@id\":\"https:\\\/\\\/fiduciairebsa.be\\\/?page_id=28963\",\"url\":\"https:\\\/\\\/fiduciairebsa.be\\\/?page_id=28963\",\"name\":\"NEWS - FIDUCIAIRE B.S.A.\",\"isPartOf\":{\"@id\":\"https:\\\/\\\/fiduciairebsa.be\\\/#website\"},\"datePublished\":\"2022-06-29T20:25:20+00:00\",\"dateModified\":\"2022-06-29T20:31:59+00:00\",\"breadcrumb\":{\"@id\":\"https:\\\/\\\/fiduciairebsa.be\\\/?page_id=28963#breadcrumb\"},\"inLanguage\":\"fr-FR\",\"potentialAction\":[{\"@type\":\"ReadAction\",\"target\":[\"https:\\\/\\\/fiduciairebsa.be\\\/?page_id=28963\"]}]},{\"@type\":\"BreadcrumbList\",\"@id\":\"https:\\\/\\\/fiduciairebsa.be\\\/?page_id=28963#breadcrumb\",\"itemListElement\":[{\"@type\":\"ListItem\",\"position\":1,\"name\":\"Accueil\",\"item\":\"https:\\\/\\\/fiduciairebsa.be\\\/\"},{\"@type\":\"ListItem\",\"position\":2,\"name\":\"NEWS\"}]},{\"@type\":\"WebSite\",\"@id\":\"https:\\\/\\\/fiduciairebsa.be\\\/#website\",\"url\":\"https:\\\/\\\/fiduciairebsa.be\\\/\",\"name\":\"FIDUCIAIRE B.S.A.\",\"description\":\"Just another WordPress site\",\"potentialAction\":[{\"@type\":\"SearchAction\",\"target\":{\"@type\":\"EntryPoint\",\"urlTemplate\":\"https:\\\/\\\/fiduciairebsa.be\\\/?s={search_term_string}\"},\"query-input\":{\"@type\":\"PropertyValueSpecification\",\"valueRequired\":true,\"valueName\":\"search_term_string\"}}],\"inLanguage\":\"fr-FR\"}]}<\/script>\n<!-- \/ Yoast SEO plugin. -->","yoast_head_json":{"title":"NEWS - FIDUCIAIRE B.S.A.","robots":{"index":"index","follow":"follow","max-snippet":"max-snippet:-1","max-image-preview":"max-image-preview:large","max-video-preview":"max-video-preview:-1"},"canonical":"https:\/\/fiduciairebsa.be\/?page_id=28963","og_locale":"fr_FR","og_type":"article","og_title":"NEWS - FIDUCIAIRE B.S.A.","og_description":"[vc_row][vc_column][\/vc_column][\/vc_row]","og_url":"https:\/\/fiduciairebsa.be\/?page_id=28963","og_site_name":"FIDUCIAIRE B.S.A.","article_modified_time":"2022-06-29T20:31:59+00:00","twitter_card":"summary_large_image","twitter_misc":{"Dur\u00e9e de lecture estim\u00e9e":"1 minute"},"schema":{"@context":"https:\/\/schema.org","@graph":[{"@type":"WebPage","@id":"https:\/\/fiduciairebsa.be\/?page_id=28963","url":"https:\/\/fiduciairebsa.be\/?page_id=28963","name":"NEWS - FIDUCIAIRE B.S.A.","isPartOf":{"@id":"https:\/\/fiduciairebsa.be\/#website"},"datePublished":"2022-06-29T20:25:20+00:00","dateModified":"2022-06-29T20:31:59+00:00","breadcrumb":{"@id":"https:\/\/fiduciairebsa.be\/?page_id=28963#breadcrumb"},"inLanguage":"fr-FR","potentialAction":[{"@type":"ReadAction","target":["https:\/\/fiduciairebsa.be\/?page_id=28963"]}]},{"@type":"BreadcrumbList","@id":"https:\/\/fiduciairebsa.be\/?page_id=28963#breadcrumb","itemListElement":[{"@type":"ListItem","position":1,"name":"Accueil","item":"https:\/\/fiduciairebsa.be\/"},{"@type":"ListItem","position":2,"name":"NEWS"}]},{"@type":"WebSite","@id":"https:\/\/fiduciairebsa.be\/#website","url":"https:\/\/fiduciairebsa.be\/","name":"FIDUCIAIRE B.S.A.","description":"Just another WordPress site","potentialAction":[{"@type":"SearchAction","target":{"@type":"EntryPoint","urlTemplate":"https:\/\/fiduciairebsa.be\/?s={search_term_string}"},"query-input":{"@type":"PropertyValueSpecification","valueRequired":true,"valueName":"search_term_string"}}],"inLanguage":"fr-FR"}]}},"_links":{"self":[{"href":"https:\/\/fiduciairebsa.be\/index.php?rest_route=\/wp\/v2\/pages\/28963","targetHints":{"allow":["GET"]}}],"collection":[{"href":"https:\/\/fiduciairebsa.be\/index.php?rest_route=\/wp\/v2\/pages"}],"about":[{"href":"https:\/\/fiduciairebsa.be\/index.php?rest_route=\/wp\/v2\/types\/page"}],"author":[{"embeddable":true,"href":"https:\/\/fiduciairebsa.be\/index.php?rest_route=\/wp\/v2\/users\/1"}],"replies":[{"embeddable":true,"href":"https:\/\/fiduciairebsa.be\/index.php?rest_route=%2Fwp%2Fv2%2Fcomments&post=28963"}],"version-history":[{"count":7,"href":"https:\/\/fiduciairebsa.be\/index.php?rest_route=\/wp\/v2\/pages\/28963\/revisions"}],"predecessor-version":[{"id":28971,"href":"https:\/\/fiduciairebsa.be\/index.php?rest_route=\/wp\/v2\/pages\/28963\/revisions\/28971"}],"wp:attachment":[{"href":"https:\/\/fiduciairebsa.be\/index.php?rest_route=%2Fwp%2Fv2%2Fmedia&parent=28963"}],"curies":[{"name":"wp","href":"https:\/\/api.w.org\/{rel}","templated":true}]}}